{"id":11858,"date":"2023-01-26T15:00:31","date_gmt":"2023-01-26T14:00:31","guid":{"rendered":"https:\/\/www.ppc.d-f.cc\/?page_id=11858"},"modified":"2023-01-26T15:11:21","modified_gmt":"2023-01-26T14:11:21","slug":"job-detail","status":"publish","type":"page","link":"https:\/\/ppc.d-f.cc\/en\/job-detail\/","title":{"rendered":"Job Detail"},"content":{"rendered":"<p class=\"qtranxs-available-languages-message qtranxs-available-languages-message-en\">Sorry, this entry is only available in <a href=\"https:\/\/ppc.d-f.cc\/de\/wp-json\/wp\/v2\/pages\/11858\" class=\"qtranxs-available-language-link qtranxs-available-language-link-de\" title=\"Deutsch\">German<\/a>. For the sake of viewer convenience, the content is shown below in the alternative language. You may click the link to switch the active language.<\/p><p><div class=\"fusion-fullwidth fullwidth-box fusion-builder-row-1 nonhundred-percent-fullwidth non-hundred-percent-height-scrolling\"  style='background-color: rgba(255,255,255,0);background-position: center center;background-repeat: no-repeat;padding-top:0px;padding-right:0px;padding-bottom:0px;padding-left:0px;'><div class=\"fusion-builder-row fusion-row \"><div  class=\"fusion-layout-column fusion_builder_column fusion_builder_column_3_5 fusion-builder-column-0 fusion-three-fifth fusion-column-first 3_5\"  style='margin-top:0px;margin-bottom:20px;width:60%;width:calc(60% - ( ( 4% ) * 0.6 ) );margin-right: 4%;'><div class=\"fusion-column-wrapper\" style=\"padding: 0px 0px 0px 0px;background-position:left top;background-repeat:no-repeat;-webkit-background-size:cover;-moz-background-size:cover;-o-background-size:cover;background-size:cover;\"   data-bg-url=\"\"><div class=\"fusion-text\"><style>\r\n\t.sjb-page{\r\n\t\tfont-size:16px;\r\n\t\tline-height:24px;\r\n\t}\r\n<\/style>\r\n\n<\/div><div class=\"fusion-clearfix\"><\/div><\/div><\/div><div  class=\"fusion-layout-column fusion_builder_column fusion_builder_column_2_5 fusion-builder-column-1 fusion-two-fifth fusion-column-last 2_5\"  style='margin-top:0px;margin-bottom:20px;width:40%;width:calc(40% - ( ( 4% ) * 0.4 ) );'><div class=\"fusion-column-wrapper\" style=\"padding: 0px 0px 0px 0px;background-position:left top;background-repeat:no-repeat;-webkit-background-size:cover;-moz-background-size:cover;-o-background-size:cover;background-size:cover;\"   data-bg-url=\"\"><div class=\"fusion-text\">\n<\/div><div class=\"fusion-sep-clear\"><\/div><div class=\"fusion-separator fusion-full-width-sep sep-none\" style=\"margin-left: auto;margin-right: auto;margin-top:55px;\"><\/div><div class=\"share-box fusion-sharing-box\" style=\"background-color:#f6f6f6;\" data-title=\"Job Detail\" data-description=\"Jetzt bewerben\" data-link=\"https:\/\/ppc.d-f.cc\/en\/job-detail\/\"><h4 class=\"tagline\" style=\"color:#bebdbd;\">Inserat teilen:<\/h4><div class=\"fusion-social-networks\"><a class=\"fusion-social-network-icon fusion-tooltip fusion-facebook fusion-icon-facebook\" href=\"https:\/\/www.facebook.com\/sharer.php?u=https%3A%2F%2Fppc.d-f.cc%2Fen%2Fjob-detail%2F&amp;t=Job%20Detail\" target=\"_blank\" style=\"color:#bebdbd;\" data-placement=\"top\" data-title=\"Facebook\" title=\"Facebook\" aria-label=\"Facebook\" data-toggle=\"tooltip\"><\/a><a class=\"fusion-social-network-icon fusion-tooltip fusion-twitter fusion-icon-twitter\" href=\"https:\/\/twitter.com\/share?text=Job%20Detail&amp;url=https%3A%2F%2Fppc.d-f.cc%2Fen%2Fjob-detail%2F\" target=\"_blank\" rel=\"noopener noreferrer\" style=\"color:#bebdbd;\" data-placement=\"top\" data-title=\"Twitter\" title=\"Twitter\" aria-label=\"Twitter\" data-toggle=\"tooltip\"><\/a><a class=\"fusion-social-network-icon fusion-tooltip fusion-linkedin fusion-icon-linkedin\" href=\"https:\/\/www.linkedin.com\/shareArticle?mini=true&amp;url=https%3A%2F%2Fppc.d-f.cc%2Fen%2Fjob-detail%2F&amp;title=Job%20Detail&amp;summary=Jetzt%20bewerben\" target=\"_blank\" rel=\"noopener noreferrer\" style=\"color:#bebdbd;\" data-placement=\"top\" data-title=\"LinkedIn\" title=\"LinkedIn\" aria-label=\"LinkedIn\" data-toggle=\"tooltip\"><\/a><a class=\"fusion-social-network-icon fusion-tooltip fusion-reddit fusion-icon-reddit\" href=\"http:\/\/reddit.com\/submit?url=https:\/\/ppc.d-f.cc\/en\/job-detail\/&amp;title=Job Detail\" target=\"_blank\" rel=\"noopener noreferrer\" style=\"color:#bebdbd;\" data-placement=\"top\" data-title=\"Reddit\" title=\"Reddit\" aria-label=\"Reddit\" data-toggle=\"tooltip\"><\/a><a class=\"fusion-social-network-icon fusion-tooltip fusion-whatsapp fusion-icon-whatsapp\" href=\"https:\/\/api.whatsapp.com\/send?text=https%3A%2F%2Fppc.d-f.cc%2Fen%2Fjob-detail%2F\" target=\"_blank\" rel=\"noopener noreferrer\" style=\"color:#bebdbd;\" data-placement=\"top\" data-title=\"Whatsapp\" title=\"Whatsapp\" aria-label=\"Whatsapp\" data-toggle=\"tooltip\"><\/a><a class=\"fusion-social-network-icon fusion-tooltip fusion-mail fusion-icon-mail\" href=\"mailto:?subject=Job%20Detail&amp;body=https%3A%2F%2Fppc.d-f.cc%2Fen%2Fjob-detail%2F\" target=\"_self\" style=\"color:#bebdbd;\" data-placement=\"top\" data-title=\"Mail\" title=\"Mail\" aria-label=\"Mail\" data-toggle=\"tooltip\"><\/a><\/div><\/div><div class=\"fusion-button-wrapper\"><style type=\"text\/css\">.fusion-button.button-1 {border-radius:2px;}<\/style><a class=\"fusion-button button-flat fusion-button-default-size button-default button-1 fusion-button-default-span fusion-button-default-type\" target=\"_self\" href=\"#\" data-toggle=\"modal\" data-target=\".fusion-modal.bewerben\"><i class=\"fa-file-invoice fas button-icon-left\"><\/i><span class=\"fusion-button-text\">Jetzt bewerben<\/span><\/a><\/div><div class=\"fusion-modal modal fade modal-1 bewerben\" tabindex=\"-1\" role=\"dialog\" aria-labelledby=\"modal-heading-1\" aria-hidden=\"true\"><style type=\"text\/css\">.modal-1 .modal-header, .modal-1 .modal-footer{border-color:#ebebeb;}<\/style><div class=\"modal-dialog modal-lg\"><div class=\"modal-content fusion-modal-content\" style=\"background-color:#f6f6f6\"><div class=\"modal-header\"><button class=\"close\" type=\"button\" data-dismiss=\"modal\" aria-hidden=\"true\">&times;<\/button><h3 class=\"modal-title\" id=\"modal-heading-1\" data-dismiss=\"modal\" aria-hidden=\"true\">Online Bewerbung<\/h3><\/div><div class=\"modal-body fusion-clearfix\">\n<div role=\"form\" class=\"wpcf7\" id=\"wpcf7-f11838-o1\" lang=\"de-DE\" dir=\"ltr\">\n<div class=\"screen-reader-response\"><p role=\"status\" aria-live=\"polite\" aria-atomic=\"true\"><\/p> <ul><\/ul><\/div>\n<form action=\"\/en\/wp-json\/wp\/v2\/pages\/11858#wpcf7-f11838-o1\" method=\"post\" class=\"wpcf7-form init\" enctype=\"multipart\/form-data\" novalidate=\"novalidate\" data-status=\"init\">\n<div style=\"display: none;\">\n<input type=\"hidden\" name=\"_wpcf7\" value=\"11838\" \/>\n<input type=\"hidden\" name=\"_wpcf7_version\" value=\"5.3.2\" \/>\n<input type=\"hidden\" name=\"_wpcf7_locale\" value=\"de_DE_formal\" \/>\n<input type=\"hidden\" name=\"_wpcf7_unit_tag\" value=\"wpcf7-f11838-o1\" \/>\n<input type=\"hidden\" name=\"_wpcf7_container_post\" value=\"0\" \/>\n<input type=\"hidden\" name=\"_wpcf7_posted_data_hash\" value=\"\" \/>\n<\/div>\n<p><script src=\"https:\/\/www.google.com\/recaptcha\/api.js?render=reCAPTCHA_site_key\"><\/script><\/p>\n<p>WIR FREUEN UNS AUF SIE!<\/p>\n<p>Wir freuen uns \u00fcber Ihr Interesse an einer Mitarbeit bei der PPC! Bitte f\u00fcllen Sie das folgende kurze Formular aus. Herzlichen Dank!<\/p>\n<input type=\"hidden\" name=\"jobid\" value=\"\" class=\"wpcf7-form-control wpcf7-hidden\" \/>\n<input type=\"hidden\" name=\"personio\" value=\"personio\" class=\"wpcf7-form-control wpcf7-hidden\" \/><br \/>\n<table width=\"100%\">\n<tr>\n<td><label> NAME *<br \/>\n    <span class=\"wpcf7-form-control-wrap vorname\"><input type=\"text\" name=\"vorname\" value=\"\" size=\"40\" class=\"wpcf7-form-control wpcf7-text wpcf7-validates-as-required\" aria-required=\"true\" aria-invalid=\"false\" placeholder=\"Vorname\" \/><\/span> <\/label><\/td>\n<td><label><br \/>\n    <span class=\"wpcf7-form-control-wrap nachname\"><input type=\"text\" name=\"nachname\" value=\"\" size=\"40\" class=\"wpcf7-form-control wpcf7-text wpcf7-validates-as-required\" aria-required=\"true\" aria-invalid=\"false\" placeholder=\"Nachname\" \/><\/span> <\/label><\/td>\n<\/tr>\n<tr>\n<td><label> E-MAIL *<br \/>\n    <span class=\"wpcf7-form-control-wrap your-email\"><input type=\"email\" name=\"your-email\" value=\"\" size=\"40\" class=\"wpcf7-form-control wpcf7-text wpcf7-email wpcf7-validates-as-required wpcf7-validates-as-email\" aria-required=\"true\" aria-invalid=\"false\" placeholder=\"name@domain.de\" \/><\/span> <\/label><\/td>\n<td><label> TELEFON *<br \/>\n    <span class=\"wpcf7-form-control-wrap telefonnummer\"><input type=\"text\" name=\"telefonnummer\" value=\"\" size=\"40\" class=\"wpcf7-form-control wpcf7-text wpcf7-validates-as-required\" aria-required=\"true\" aria-invalid=\"false\" placeholder=\"+49 176 123 4455\" \/><\/span> <\/label><\/td>\n<\/tr>\n<tr>\n<td><label> VERF\u00dcGBAR AB *<br \/>\n    <span class=\"wpcf7-form-control-wrap eintritt\"><input type=\"text\" name=\"eintritt\" value=\"\" size=\"40\" class=\"wpcf7-form-control wpcf7-text wpcf7-validates-as-required\" aria-required=\"true\" aria-invalid=\"false\" \/><\/span> <\/label><\/td>\n<td><label> GEHALTSVORSTELLUNG<br \/>\n    <span class=\"wpcf7-form-control-wrap gehalt\"><input type=\"text\" name=\"gehalt\" value=\"\" size=\"40\" class=\"wpcf7-form-control wpcf7-text\" aria-invalid=\"false\" \/><\/span><\/label><\/td>\n<\/tr>\n<\/table>\n<h4>DOKUMENTE<\/h4>\n<p>Bitte laden Sie Ihren Lebenslauf, Ihre vollst\u00e4ndigen Zeugnisse und ein kurzes Anschreiben im PDF-Format hoch (insgesamt max. 20 MB).<\/p>\n<table width=\"100%\">\n<tr>\n<td style=\"padding-right:7px;\"><label> Lebenslauf *<br \/>\n    <span class=\"wpcf7-form-control-wrap upload-file-1\"><input type=\"file\" name=\"upload-file-1\" size=\"40\" class=\"wpcf7-form-control wpcf7-file\" accept=\".pdf\" aria-invalid=\"false\" \/><\/span><\/label><\/td>\n<td style=\"padding-left:7px;\"><label> Anschreiben *<br \/>\n    <span class=\"wpcf7-form-control-wrap upload-file-2\"><input type=\"file\" name=\"upload-file-2\" size=\"40\" class=\"wpcf7-form-control wpcf7-file\" accept=\".pdf\" aria-invalid=\"false\" \/><\/span><\/label><\/td>\n<\/tr>\n<tr>\n<td style=\"padding-right:7px;\"><label> Arbeitszeugnis *<br \/>\n    <span class=\"wpcf7-form-control-wrap upload-file-3\"><input type=\"file\" name=\"upload-file-3\" size=\"40\" class=\"wpcf7-form-control wpcf7-file\" accept=\".pdf\" aria-invalid=\"false\" \/><\/span><\/label><\/td>\n<td style=\"padding-left:7px;\"><label> Andere<br \/>\n    <span class=\"wpcf7-form-control-wrap upload-file-4\"><input type=\"file\" name=\"upload-file-4\" size=\"40\" class=\"wpcf7-form-control wpcf7-file\" accept=\".pdf\" aria-invalid=\"false\" \/><\/span><\/label><\/td>\n<\/tr>\n<\/table>\n<p>Ich bin damit einverstanden, dass meine Daten \u00fcber den gesetzlich vorgeschriebenen Zeitraum von 6 Monaten hinaus gespeichert werden.* <span class=\"wpcf7-form-control-wrap zeitraum\"><span class=\"wpcf7-form-control wpcf7-radio\"><span class=\"wpcf7-list-item first\"><input type=\"radio\" name=\"zeitraum\" value=\"Ja\" checked=\"checked\" \/><span class=\"wpcf7-list-item-label\">Ja<\/span><\/span><span class=\"wpcf7-list-item last\"><input type=\"radio\" name=\"zeitraum\" value=\"Nein\" \/><span class=\"wpcf7-list-item-label\">Nein<\/span><\/span><\/span><\/span><\/p>\n<p><input type=\"submit\" value=\"Bewerbung abschicken\" class=\"wpcf7-form-control wpcf7-submit\" \/><\/p>\n<p><small>Alle personenbezogenen Daten, die im Rahmen dieser Online-Bewerbung bekannt werden, unterliegen dem Bundesdatenschutz. Die Einhaltung der datenschutzrechtlichen Vorschriften ist sichergestellt. Alle Angaben werden vertraulich behandelt. Mit dem elektronischen Versand Ihrer Bewerbung an uns geben Sie uns die Zustimmung, Ihre Daten maschinell zu speichern und zu verarbeiten. Gleichzeitig versichern Sie uns, dass Ihre Angaben in diesem Profil wahrheitsgetreu und vollst\u00e4ndig sind.<\/small><\/p>\n<p><small>Sollte Ihnen aus technischen Gr\u00fcnden eine Bewerbung \u00fcber das Formular nicht m\u00f6glich sein oder sollten Sie innerhalb von 24 h (Mo - Fr) keine Eingangsbest\u00e4tigung erhalten, senden Sie uns Ihre aussagekr\u00e4ftige Bewerbung bitte als PDF-Datei an ppc-ag-jobs@m.personio.de<\/small><\/p>\n<div class=\"fusion-alert alert custom alert-custom fusion-alert-center wpcf7-response-output fusion-alert-capitalize alert-dismissable\" style=\"border-width:1px;\"><button type=\"button\" class=\"close toggle-alert\" data-dismiss=\"alert\" aria-hidden=\"true\">&times;<\/button><div class=\"fusion-alert-content-wrapper\"><span class=\"fusion-alert-content\"><\/span><\/div><\/div><\/form><\/div>\n<\/div><\/div><\/div><\/div><div class=\"fusion-button-wrapper fusion-alignright\"><style type=\"text\/css\">.fusion-button.button-2 .fusion-button-text, .fusion-button.button-2 i {color:#ffffff;}.fusion-button.button-2 .fusion-button-icon-divider{border-color:#ffffff;}.fusion-button.button-2:hover .fusion-button-text, .fusion-button.button-2:hover i,.fusion-button.button-2:focus .fusion-button-text, .fusion-button.button-2:focus i,.fusion-button.button-2:active .fusion-button-text, .fusion-button.button-2:active{color:#2b4867;}.fusion-button.button-2:hover .fusion-button-icon-divider, .fusion-button.button-2:hover .fusion-button-icon-divider, .fusion-button.button-2:active .fusion-button-icon-divider{border-color:#2b4867;}.fusion-button.button-2:hover, .fusion-button.button-2:focus, .fusion-button.button-2:active{border-color:#ffffff;}.fusion-button.button-2 {border-color:#ffffff;border-radius:2px;}.fusion-button.button-2{background: #2b4867;}.fusion-button.button-2:hover,.button-2:focus,.fusion-button.button-2:active{background: #ffffff;}.fusion-button.button-2 .fusion-button-text {text-transform:uppercase;}<\/style><a class=\"fusion-button button-flat fusion-button-default-size button-custom button-2 fusion-button-default-span fusion-button-default-type fusion-no-small-visibility\" target=\"_blank\" rel=\"noopener noreferrer\"><span class=\"fusion-button-text\"><div class='printomatictext ' id='id9199' alt='Print' title='Print' data-print_target='#content'>Print<\/div><\/span><i class=\"fa-print fas button-icon-right\"><\/i><\/a><\/div><div class=\"fusion-clearfix\"><\/div><\/div><\/div><\/div><\/div><style type=\"text\/css\">.fusion-fullwidth.fusion-builder-row-1 a:not(.fusion-button):not(.fusion-builder-module-control):not(.fusion-social-network-icon):not(.fb-icon-element):not(.fusion-countdown-link):not(.fusion-rollover-link):not(.fusion-rollover-gallery):not(.fusion-button-bar):not(.add_to_cart_button):not(.show_details_button):not(.product_type_external):not(.fusion-quick-view):not(.fusion-rollover-title-link):not(.fusion-breadcrumb-link) , .fusion-fullwidth.fusion-builder-row-1 a:not(.fusion-button):not(.fusion-builder-module-control):not(.fusion-social-network-icon):not(.fb-icon-element):not(.fusion-countdown-link):not(.fusion-rollover-link):not(.fusion-rollover-gallery):not(.fusion-button-bar):not(.add_to_cart_button):not(.show_details_button):not(.product_type_external):not(.fusion-quick-view):not(.fusion-rollover-title-link):not(.fusion-breadcrumb-link):before, .fusion-fullwidth.fusion-builder-row-1 a:not(.fusion-button):not(.fusion-builder-module-control):not(.fusion-social-network-icon):not(.fb-icon-element):not(.fusion-countdown-link):not(.fusion-rollover-link):not(.fusion-rollover-gallery):not(.fusion-button-bar):not(.add_to_cart_button):not(.show_details_button):not(.product_type_external):not(.fusion-quick-view):not(.fusion-rollover-title-link):not(.fusion-breadcrumb-link):after {color: #0097d8;}.fusion-fullwidth.fusion-builder-row-1 a:not(.fusion-button):not(.fusion-builder-module-control):not(.fusion-social-network-icon):not(.fb-icon-element):not(.fusion-countdown-link):not(.fusion-rollover-link):not(.fusion-rollover-gallery):not(.fusion-button-bar):not(.add_to_cart_button):not(.show_details_button):not(.product_type_external):not(.fusion-quick-view):not(.fusion-rollover-title-link):not(.fusion-breadcrumb-link):hover, .fusion-fullwidth.fusion-builder-row-1 a:not(.fusion-button):not(.fusion-builder-module-control):not(.fusion-social-network-icon):not(.fb-icon-element):not(.fusion-countdown-link):not(.fusion-rollover-link):not(.fusion-rollover-gallery):not(.fusion-button-bar):not(.add_to_cart_button):not(.show_details_button):not(.product_type_external):not(.fusion-quick-view):not(.fusion-rollover-title-link):not(.fusion-breadcrumb-link):hover:before, .fusion-fullwidth.fusion-builder-row-1 a:not(.fusion-button):not(.fusion-builder-module-control):not(.fusion-social-network-icon):not(.fb-icon-element):not(.fusion-countdown-link):not(.fusion-rollover-link):not(.fusion-rollover-gallery):not(.fusion-button-bar):not(.add_to_cart_button):not(.show_details_button):not(.product_type_external):not(.fusion-quick-view):not(.fusion-rollover-title-link):not(.fusion-breadcrumb-link):hover:after {color: #0097d8;}.fusion-fullwidth.fusion-builder-row-1 .pagination a.inactive:hover, .fusion-fullwidth.fusion-builder-row-1 .fusion-filters .fusion-filter.fusion-active a {border-color: #0097d8;}.fusion-fullwidth.fusion-builder-row-1 .pagination .current {border-color: #0097d8; background-color: #0097d8;}.fusion-fullwidth.fusion-builder-row-1 .fusion-filters .fusion-filter.fusion-active a, .fusion-fullwidth.fusion-builder-row-1 .fusion-date-and-formats .fusion-format-box, .fusion-fullwidth.fusion-builder-row-1 .fusion-popover, .fusion-fullwidth.fusion-builder-row-1 .tooltip-shortcode {color: #0097d8;}#main .fusion-fullwidth.fusion-builder-row-1 .post .blog-shortcode-post-title a:hover {color: #0097d8;}<\/style><\/p>","protected":false},"excerpt":{"rendered":"","protected":false},"author":1,"featured_media":0,"parent":0,"menu_order":900,"comment_status":"closed","ping_status":"closed","template":"","meta":{"_lmt_disableupdate":"","_lmt_disable":"","_links_to":"","_links_to_target":""},"aioseo_notices":[],"_links":{"self":[{"href":"https:\/\/ppc.d-f.cc\/en\/wp-json\/wp\/v2\/pages\/11858"}],"collection":[{"href":"https:\/\/ppc.d-f.cc\/en\/wp-json\/wp\/v2\/pages"}],"about":[{"href":"https:\/\/ppc.d-f.cc\/en\/wp-json\/wp\/v2\/types\/page"}],"author":[{"embeddable":true,"href":"https:\/\/ppc.d-f.cc\/en\/wp-json\/wp\/v2\/users\/1"}],"replies":[{"embeddable":true,"href":"https:\/\/ppc.d-f.cc\/en\/wp-json\/wp\/v2\/comments?post=11858"}],"version-history":[{"count":0,"href":"https:\/\/ppc.d-f.cc\/en\/wp-json\/wp\/v2\/pages\/11858\/revisions"}],"wp:attachment":[{"href":"https:\/\/ppc.d-f.cc\/en\/wp-json\/wp\/v2\/media?parent=11858"}],"curies":[{"name":"wp","href":"https:\/\/api.w.org\/{rel}","templated":true}]}}