{"id":6305,"date":"2020-09-09T16:41:01","date_gmt":"2020-09-09T14:41:01","guid":{"rendered":"https:\/\/ppc.d-f.cc\/?page_id=6305"},"modified":"2020-09-09T16:42:55","modified_gmt":"2020-09-09T14:42:55","slug":"impressum","status":"publish","type":"page","link":"https:\/\/ppc.d-f.cc\/de\/impressum\/","title":{"rendered":"Impressum"},"content":{"rendered":"<p><div class=\"fusion-fullwidth fullwidth-box fusion-builder-row-1 nonhundred-percent-fullwidth non-hundred-percent-height-scrolling\"  style='background-color: rgba(255,255,255,0);background-position: center center;background-repeat: no-repeat;padding-top:0px;padding-right:0px;padding-bottom:0px;padding-left:0px;'><div class=\"fusion-builder-row fusion-row \"><div  class=\"fusion-layout-column fusion_builder_column fusion_builder_column_1_1 fusion-builder-column-0 fusion-one-full fusion-column-first fusion-column-last 1_1\"  style='margin-top:0px;margin-bottom:0px;'><div class=\"fusion-column-wrapper\" style=\"padding: 0px 0px 0px 0px;background-position:left top;background-repeat:no-repeat;-webkit-background-size:cover;-moz-background-size:cover;-o-background-size:cover;background-size:cover;\"   data-bg-url=\"\"><style type=\"text\/css\"><\/style><div class=\"fusion-title title fusion-title-1 fusion-title-text fusion-title-size-two\" style=\"margin-top:0px;margin-bottom:30px;\"><h2 class=\"title-heading-left\" style=\"margin:0;color:#2d4966;\">Impressum<\/h2><div class=\"title-sep-container\"><div class=\"title-sep sep-\" style=\"border-color:#e2e2e2;\"><\/div><\/div><\/div><div class=\"fusion-clearfix\"><\/div><\/div><\/div><\/div><\/div><div class=\"fusion-fullwidth fullwidth-box fusion-builder-row-2 nonhundred-percent-fullwidth non-hundred-percent-height-scrolling\"  style='background-color: rgba(255,255,255,0);background-position: center center;background-repeat: no-repeat;padding-top:0px;padding-right:0px;padding-bottom:0px;padding-left:0px;'><div class=\"fusion-builder-row fusion-row \"><div  class=\"fusion-layout-column fusion_builder_column fusion_builder_column_2_3 fusion-builder-column-1 fusion-two-third fusion-column-first 2_3\"  style='margin-top:0px;margin-bottom:0px;width:65.3333%; margin-right: 4%;'><div class=\"fusion-column-wrapper\" style=\"padding: 0px 0px 0px 0px;background-position:left top;background-repeat:no-repeat;-webkit-background-size:cover;-moz-background-size:cover;-o-background-size:cover;background-size:cover;\"   data-bg-url=\"\"><div class=\"fusion-text\"><p><strong>Haftung f\u00fcr Inhalte<\/strong><\/p>\n<p>Die Power Plus Communications AG ist um die Richtigkeit und Aktualit\u00e4t der auf ihrer Website enthaltenen Informationen und Daten bem\u00fcht. Eine Haftung oder Garantie daf\u00fcr sowie f\u00fcr die Vollst\u00e4ndigkeit der zur Verf\u00fcgung gestellten Informationen und Daten ist jedoch ausgeschlossen. F\u00fcr alle anderen Websites, auf die mittels eines Hyperlinks verwiesen wird, gilt dies ebenfalls. Die Power Plus Communications AG ist f\u00fcr den Inhalt solcher Websites, die mittels einer solchen Verbindung erreicht werden, nicht verantwortlich. \u00c4nderungen oder Erg\u00e4nzungen der bereitgestellten Informationen oder Daten k\u00f6nnen jederzeit ohne Ank\u00fcndigung von der Power Plus Communications AG vorgenommen werden.<br \/>\nDie auf der Website der Power Plus Communications AG zur Verf\u00fcgung gestellten Informationen und Daten sollen einen \u00dcberblick \u00fcber die Unternehmensgruppe bieten und zu Informationszwecken dienen, ohne dass sich der Nutzer auf Aktualit\u00e4t, Richtigkeit oder Vollst\u00e4ndigkeit der Informationen oder Daten berufen oder verlassen kann.<\/p>\n<p>Die Power Plus Communications AG haftet weder f\u00fcr direkte noch indirekte Sch\u00e4den, einschlie\u00dflich entgangenen Gewinns, die durch die Nutzung der Informationen oder Daten entstehen, die auf dieser Website zu finden sind. Rechte und Pflichten zwischen der Power Plus Communications AG und dem Nutzer der Website oder Dritten sind ausgeschlossen. Der Inhalt der Power Plus Communications AG Website ist urheberrechtlich gesch\u00fctzt. Die Vervielf\u00e4ltigung von Informationen oder Daten, insbesondere die Verwendung von Texten, Textteilen oder Bildmaterial, ausgenommen Pressemeldungen und das Pressearchiv, bedarf der vorherigen Zustimmung der Power Plus Communications AG. S\u00e4mtliche Informationen oder Daten, ihre Nutzung und die Anmeldung zur Power Plus Communications AG Website sowie s\u00e4mtliches mit der Power Plus Communications AG Website zusammenh\u00e4ngendes Tun, Dulden oder Unterlassen unterliegt ausschlie\u00dflich deutschem Recht. Erf\u00fcllungsort und ausschlie\u00dflicher Gerichtsstand ist Mannheim.<\/p>\n<\/div><div class=\"fusion-clearfix\"><\/div><\/div><\/div><div  class=\"fusion-layout-column fusion_builder_column fusion_builder_column_1_3 fusion-builder-column-2 fusion-one-third fusion-column-last 1_3\"  style='margin-top:0px;margin-bottom:20px;width:30.6666%'><div class=\"fusion-column-wrapper\" style=\"background-color:#c4ced4;padding: 20px 20px 20px 20px;background-position:left top;background-repeat:no-repeat;-webkit-background-size:cover;-moz-background-size:cover;-o-background-size:cover;background-size:cover;\"   data-bg-url=\"\"><div class=\"fusion-text\"><p><strong>Angaben gem\u00e4\u00df \u00a7 5 TMG:<\/strong><\/p>\n<p>Power Plus Communications AG<br \/>\nDudenstra\u00dfe 6<br \/>\n68167 Mannheim<\/p>\n<p><strong>Vertreten durch:<\/strong><\/p>\n<p>Vorstand Ingo Sch\u00f6nberg (Vorsitzender), Eugen Mayer<\/p>\n<p><strong>Kontakt:<\/strong><\/p>\n<p>Telefon: +49 621 40165 100<br \/>\nTelefax: +49 621 40165 111<br \/>\nE-Mail: <a href=\"mailto:info@ppc-ag.de\">info@ppc-ag.de<\/a><\/p>\n<p><strong>Registereintrag:<\/strong><\/p>\n<p>Eintragung im Handelsregister.<br \/>\nRegistergericht: Mannheim<br \/>\nRegisternummer: HRB 8853<\/p>\n<p><strong>Umsatzsteuer:<\/strong><\/p>\n<p>Umsatzsteuer-Identifikationsnummer gem\u00e4\u00df \u00a727 a Umsatzsteuergesetz:<br \/>\nDE 813272871<\/p>\n<\/div><div class=\"fusion-clearfix\"><\/div><\/div><\/div><\/div><\/div><\/p>","protected":false},"excerpt":{"rendered":"","protected":false},"author":1,"featured_media":0,"parent":0,"menu_order":12,"comment_status":"closed","ping_status":"closed","template":"","meta":{"_EventAllDay":false,"_EventTimezone":"","_EventStartDate":"","_EventEndDate":"","_EventStartDateUTC":"","_EventEndDateUTC":"","_EventShowMap":false,"_EventShowMapLink":false,"_EventURL":"","_EventCost":"","_EventCostDescription":"","_EventCurrencySymbol":"","_EventCurrencyCode":"","_EventCurrencyPosition":"","_EventDateTimeSeparator":"","_EventTimeRangeSeparator":"","_EventOrganizerID":[],"_EventVenueID":0,"_OrganizerEmail":"","_OrganizerPhone":"","_OrganizerWebsite":"","_VenueAddress":"","_VenueCity":"","_VenueCountry":"","_VenueProvince":"","_VenueZip":"","_VenuePhone":"","_VenueURL":"","_VenueStateProvince":"","_VenueLat":"","_VenueLng":"","_links_to":"","_links_to_target":""},"yoast_head":"<!-- This site is optimized with the Yoast SEO plugin v19.11 - https:\/\/yoast.com\/wordpress\/plugins\/seo\/ -->\n<title>Impressum - Power Plus Communications AG<\/title>\n<meta name=\"robots\" content=\"noindex, follow, max-snippet:-1, max-image-preview:large, max-video-preview:-1\" \/>\n<meta property=\"og:locale\" content=\"de_DE\" \/>\n<meta property=\"og:type\" content=\"article\" \/>\n<meta property=\"og:title\" content=\"[:de]Impressum[:en]Imprint[:] - Power Plus Communications AG\" \/>\n<meta property=\"og:url\" content=\"https:\/\/ppc.d-f.cc\/de\/impressum\/\" \/>\n<meta property=\"og:site_name\" content=\"Power Plus Communications AG\" \/>\n<meta property=\"article:modified_time\" content=\"2020-09-09T14:42:55+00:00\" \/>\n<meta name=\"twitter:card\" content=\"summary_large_image\" \/>\n<meta name=\"twitter:label1\" content=\"Gesch\u00e4tzte Lesezeit\" \/>\n\t<meta name=\"twitter:data1\" content=\"5\u00a0Minuten\" \/>\n<script type=\"application\/ld+json\" class=\"yoast-schema-graph\">{\"@context\":\"https:\/\/schema.org\",\"@graph\":[{\"@type\":\"WebPage\",\"@id\":\"https:\/\/ppc.d-f.cc\/de\/impressum\/\",\"url\":\"https:\/\/ppc.d-f.cc\/de\/impressum\/\",\"name\":\"[:de]Impressum[:en]Imprint[:] - Power Plus Communications AG\",\"isPartOf\":{\"@id\":\"https:\/\/ppc.d-f.cc\/de\/#website\"},\"datePublished\":\"2020-09-09T14:41:01+00:00\",\"dateModified\":\"2020-09-09T14:42:55+00:00\",\"breadcrumb\":{\"@id\":\"https:\/\/ppc.d-f.cc\/de\/impressum\/#breadcrumb\"},\"inLanguage\":\"de\",\"potentialAction\":[{\"@type\":\"ReadAction\",\"target\":[\"https:\/\/ppc.d-f.cc\/de\/impressum\/\"]}]},{\"@type\":\"BreadcrumbList\",\"@id\":\"https:\/\/ppc.d-f.cc\/de\/impressum\/#breadcrumb\",\"itemListElement\":[{\"@type\":\"ListItem\",\"position\":1,\"name\":\"Startseite\",\"item\":\"https:\/\/ppc.d-f.cc\/\"},{\"@type\":\"ListItem\",\"position\":2,\"name\":\"Impressum\"}]},{\"@type\":\"WebSite\",\"@id\":\"https:\/\/ppc.d-f.cc\/de\/#website\",\"url\":\"https:\/\/ppc.d-f.cc\/de\/\",\"name\":\"Power Plus Communications AG\",\"description\":\"Smart Meter Gateways und Kommunika\u00adtions\u00ad\u00adsysteme f\u00fcr die Digitali\u00adsierung der Energie\u00adwende\",\"potentialAction\":[{\"@type\":\"SearchAction\",\"target\":{\"@type\":\"EntryPoint\",\"urlTemplate\":\"https:\/\/ppc.d-f.cc\/de\/?s={search_term_string}\"},\"query-input\":\"required name=search_term_string\"}],\"inLanguage\":\"de\"}]}<\/script>\n<!-- \/ Yoast SEO plugin. -->","yoast_head_json":{"title":"[:de]Impressum[:en]Imprint[:] - Power Plus Communications AG","robots":{"index":"noindex","follow":"follow","max-snippet":"max-snippet:-1","max-image-preview":"max-image-preview:large","max-video-preview":"max-video-preview:-1"},"og_locale":"de_DE","og_type":"article","og_title":"[:de]Impressum[:en]Imprint[:] - Power Plus Communications AG","og_url":"https:\/\/ppc.d-f.cc\/de\/impressum\/","og_site_name":"Power Plus Communications AG","article_modified_time":"2020-09-09T14:42:55+00:00","twitter_card":"summary_large_image","twitter_misc":{"Gesch\u00e4tzte Lesezeit":"5\u00a0Minuten"},"schema":{"@context":"https:\/\/schema.org","@graph":[{"@type":"WebPage","@id":"https:\/\/ppc.d-f.cc\/de\/impressum\/","url":"https:\/\/ppc.d-f.cc\/de\/impressum\/","name":"[:de]Impressum[:en]Imprint[:] - Power Plus Communications AG","isPartOf":{"@id":"https:\/\/ppc.d-f.cc\/de\/#website"},"datePublished":"2020-09-09T14:41:01+00:00","dateModified":"2020-09-09T14:42:55+00:00","breadcrumb":{"@id":"https:\/\/ppc.d-f.cc\/de\/impressum\/#breadcrumb"},"inLanguage":"de","potentialAction":[{"@type":"ReadAction","target":["https:\/\/ppc.d-f.cc\/de\/impressum\/"]}]},{"@type":"BreadcrumbList","@id":"https:\/\/ppc.d-f.cc\/de\/impressum\/#breadcrumb","itemListElement":[{"@type":"ListItem","position":1,"name":"Startseite","item":"https:\/\/ppc.d-f.cc\/"},{"@type":"ListItem","position":2,"name":"Impressum"}]},{"@type":"WebSite","@id":"https:\/\/ppc.d-f.cc\/de\/#website","url":"https:\/\/ppc.d-f.cc\/de\/","name":"Power Plus Communications AG","description":"Smart Meter Gateways und Kommunika\u00adtions\u00ad\u00adsysteme f\u00fcr die Digitali\u00adsierung der Energie\u00adwende","potentialAction":[{"@type":"SearchAction","target":{"@type":"EntryPoint","urlTemplate":"https:\/\/ppc.d-f.cc\/de\/?s={search_term_string}"},"query-input":"required name=search_term_string"}],"inLanguage":"de"}]}},"_links":{"self":[{"href":"https:\/\/ppc.d-f.cc\/de\/wp-json\/wp\/v2\/pages\/6305"}],"collection":[{"href":"https:\/\/ppc.d-f.cc\/de\/wp-json\/wp\/v2\/pages"}],"about":[{"href":"https:\/\/ppc.d-f.cc\/de\/wp-json\/wp\/v2\/types\/page"}],"author":[{"embeddable":true,"href":"https:\/\/ppc.d-f.cc\/de\/wp-json\/wp\/v2\/users\/1"}],"replies":[{"embeddable":true,"href":"https:\/\/ppc.d-f.cc\/de\/wp-json\/wp\/v2\/comments?post=6305"}],"version-history":[{"count":2,"href":"https:\/\/ppc.d-f.cc\/de\/wp-json\/wp\/v2\/pages\/6305\/revisions"}],"predecessor-version":[{"id":6308,"href":"https:\/\/ppc.d-f.cc\/de\/wp-json\/wp\/v2\/pages\/6305\/revisions\/6308"}],"wp:attachment":[{"href":"https:\/\/ppc.d-f.cc\/de\/wp-json\/wp\/v2\/media?parent=6305"}],"curies":[{"name":"wp","href":"https:\/\/api.w.org\/{rel}","templated":true}]}}