{"id":4106,"date":"2020-05-25T15:04:06","date_gmt":"2020-05-25T13:04:06","guid":{"rendered":"https:\/\/ppc.d-f.cc\/?page_id=4106"},"modified":"2020-10-05T16:14:32","modified_gmt":"2020-10-05T14:14:32","slug":"vorstand","status":"publish","type":"page","link":"https:\/\/ppc.d-f.cc\/de\/unternehmen\/vorstand\/","title":{"rendered":"Vorstand"},"content":{"rendered":"<p><div class=\"fusion-fullwidth fullwidth-box fusion-builder-row-1 nonhundred-percent-fullwidth non-hundred-percent-height-scrolling\"  style='background-color: rgba(255,255,255,0);background-position: center center;background-repeat: no-repeat;padding-top:65px;padding-right:0px;padding-bottom:35px;padding-left:0px;'><div class=\"fusion-builder-row fusion-row \"><div  class=\"fusion-layout-column fusion_builder_column fusion_builder_column_1_3 fusion-builder-column-0 fusion-one-third fusion-column-first 1_3\"  style='margin-top:0px;margin-bottom:20px;width:33.33%;width:calc(33.33% - ( ( 4% + 4% ) * 0.3333 ) );margin-right: 4%;'><div class=\"fusion-column-wrapper\" style=\"padding: 0px 0px 0px 0px;background-position:left top;background-repeat:no-repeat;-webkit-background-size:cover;-moz-background-size:cover;-o-background-size:cover;background-size:cover;\"   data-bg-url=\"\"><style type=\"text\/css\"><\/style><div class=\"fusion-title title fusion-title-1 fusion-sep-none fusion-title-text fusion-title-size-three\" style=\"margin-top:0px;margin-bottom:30px;\"><h3 class=\"title-heading-left\" style=\"margin:0;color:#2d4966;\">Vorstand<\/h3><\/div><div class=\"fusion-text\"><p>Ingo Sch\u00f6nberg und Eugen Mayer f\u00fchren die Power Plus Communications AG seit ihrer Gr\u00fcndung im Jahre 2001.<\/p>\n<\/div><style type='text\/css'>.reading-box-container-1 .element-bottomshadow:before,.reading-box-container-1 .element-bottomshadow:after{opacity:0.70;}<\/style><div class=\"fusion-reading-box-container reading-box-container-1\" style=\"margin-top:30px;margin-bottom:30px;\"><div class=\"reading-box\" style=\"background-color:#c4ced4;border-width:1px;border-color:#ffffff;border-left-width:3px;border-left-color:var(--primary_color);border-style:solid;\"><div class=\"reading-box-description\">\u201cDer digitale Wandel und die intelligente Vernetzung ben\u00f6tigen Datensicherheit und verl\u00e4ssliche Standards.\u201d<\/div><div class=\"fusion-clearfix\"><\/div><\/div><\/div><div class=\"fusion-clearfix\"><\/div><\/div><\/div><div  class=\"fusion-layout-column fusion_builder_column fusion_builder_column_1_3 fusion-builder-column-1 fusion-one-third 1_3\"  style='margin-top:0px;margin-bottom:20px;width:33.33%;width:calc(33.33% - ( ( 4% + 4% ) * 0.3333 ) );margin-right: 4%;'><div class=\"fusion-column-wrapper\" style=\"padding: 0px 0px 0px 0px;background-position:left top;background-repeat:no-repeat;-webkit-background-size:cover;-moz-background-size:cover;-o-background-size:cover;background-size:cover;\"   data-bg-url=\"\">[fusion_person name=&#8220;Ingo Sch\u00f6nberg&#8220; title=&#8220;Vorstandsvorsitzender&#8220; picture=&#8220;https:\/\/ppc.d-f.cc\/wp-content\/uploads\/2020\/09\/Ingo_Schoenberg_PPC_1200px-300&#215;200.png&#8220; picture_id=&#8220;6557|medium&#8220; pic_link=&#8220;&#8220; linktarget=&#8220;_self&#8220; pic_style=&#8220;&#8220; pic_style_blur=&#8220;&#8220; pic_style_color=&#8220;&#8220; pic_bordersize=&#8220;&#8220; pic_bordercolor=&#8220;&#8220; pic_borderradius=&#8220;&#8220; hover_type=&#8220;zoomin&#8220; background_color=&#8220;&#8220; content_alignment=&#8220;&#8220; icon_position=&#8220;&#8220; social_icon_boxed=&#8220;&#8220; social_icon_boxed_radius=&#8220;&#8220; social_icon_color_type=&#8220;&#8220; social_icon_colors=&#8220;&#8220; social_icon_boxed_colors=&#8220;&#8220; social_icon_tooltip=&#8220;&#8220; blogger=&#8220;&#8220; deviantart=&#8220;&#8220; discord=&#8220;&#8220; digg=&#8220;&#8220; dribbble=&#8220;&#8220; dropbox=&#8220;&#8220; facebook=&#8220;&#8220; flickr=&#8220;&#8220; forrst=&#8220;&#8220; instagram=&#8220;&#8220; linkedin=&#8220;&#8220; mixer=&#8220;&#8220; myspace=&#8220;&#8220; paypal=&#8220;&#8220; pinterest=&#8220;&#8220; reddit=&#8220;&#8220; rss=&#8220;&#8220; skype=&#8220;&#8220; soundcloud=&#8220;&#8220; spotify=&#8220;&#8220; tumblr=&#8220;&#8220; twitch=&#8220;&#8220; twitter=&#8220;&#8220; vimeo=&#8220;&#8220; vk=&#8220;&#8220; whatsapp=&#8220;&#8220; xing=&#8220;&#8220; yahoo=&#8220;&#8220; yelp=&#8220;&#8220; youtube=&#8220;&#8220; email=&#8220;&#8220; show_custom=&#8220;no&#8220; hide_on_mobile=&#8220;small-visibility,medium-visibility,large-visibility&#8220; class=&#8220;&#8220; id=&#8220;&#8220;]Ingo Sch\u00f6nberg ist Gr\u00fcnder, Gesellschafter und seit 2005 Vorstandsvorsitzender der PPC.<\/p>\n<p>Ingo Sch\u00f6nberg studierte an der Universit\u00e4t Dortmund und erhielt dort sein Ingenieurs-Diplom. Zus\u00e4tzlich studierte er Betriebswirtschaft in Hagen.<\/p>\n<p>Als Gr\u00fcndungsmitglied des Fraunhofer Instituts FhG UMSICHT in Oberhausen war er 1990 bis 1996 Leiter der Abteilung KWK\/Energiedienstleistungen und bereits sehr fr\u00fch in Energiewende-Themen, Erneuerbare Energien, K\u00e4lte-\/W\u00e4rmeversorgung und Kraft-W\u00e4rme-Kopplung aktiv.<\/p>\n<p>Es folgten ab 1996 verschiedene F\u00fchrungspositionen bei der MVV Energie in Mannheim im Bereich Gesch\u00e4ftsentwicklung und Neue Technologien sowie beim Aufbau des Gesch\u00e4ftsfeldes Energiedienstleistungen. Der Einstieg in die Telekommunikations-Branche folgte 2000 mit der Gesch\u00e4ftsf\u00fchrung bei der MVV-Tochter Manet, einem regionalen Telekommunikations-Dienstleister und City Carrier.[\/fusion_person]<div class=\"fusion-clearfix\"><\/div><\/div><\/div><div  class=\"fusion-layout-column fusion_builder_column fusion_builder_column_1_3 fusion-builder-column-2 fusion-one-third fusion-column-last 1_3\"  style='margin-top:0px;margin-bottom:20px;width:33.33%;width:calc(33.33% - ( ( 4% + 4% ) * 0.3333 ) );'><div class=\"fusion-column-wrapper\" style=\"padding: 0px 0px 0px 0px;background-position:left top;background-repeat:no-repeat;-webkit-background-size:cover;-moz-background-size:cover;-o-background-size:cover;background-size:cover;\"   data-bg-url=\"\">[fusion_person name=&#8220;Eugen Mayer&#8220; title=&#8220;Vorstand&#8220; picture=&#8220;https:\/\/ppc.d-f.cc\/wp-content\/uploads\/2020\/09\/Eugen_Mayer_PPC-300&#215;200.jpg&#8220; picture_id=&#8220;6558|medium&#8220; pic_link=&#8220;&#8220; linktarget=&#8220;_self&#8220; pic_style=&#8220;&#8220; pic_style_blur=&#8220;&#8220; pic_style_color=&#8220;&#8220; pic_bordersize=&#8220;&#8220; pic_bordercolor=&#8220;&#8220; pic_borderradius=&#8220;&#8220; hover_type=&#8220;zoomin&#8220; background_color=&#8220;&#8220; content_alignment=&#8220;&#8220; icon_position=&#8220;&#8220; social_icon_boxed=&#8220;&#8220; social_icon_boxed_radius=&#8220;&#8220; social_icon_color_type=&#8220;&#8220; social_icon_colors=&#8220;&#8220; social_icon_boxed_colors=&#8220;&#8220; social_icon_tooltip=&#8220;&#8220; blogger=&#8220;&#8220; deviantart=&#8220;&#8220; discord=&#8220;&#8220; digg=&#8220;&#8220; dribbble=&#8220;&#8220; dropbox=&#8220;&#8220; facebook=&#8220;&#8220; flickr=&#8220;&#8220; forrst=&#8220;&#8220; instagram=&#8220;&#8220; linkedin=&#8220;&#8220; mixer=&#8220;&#8220; myspace=&#8220;&#8220; paypal=&#8220;&#8220; pinterest=&#8220;&#8220; reddit=&#8220;&#8220; rss=&#8220;&#8220; skype=&#8220;&#8220; soundcloud=&#8220;&#8220; spotify=&#8220;&#8220; tumblr=&#8220;&#8220; twitch=&#8220;&#8220; twitter=&#8220;&#8220; vimeo=&#8220;&#8220; vk=&#8220;&#8220; whatsapp=&#8220;&#8220; xing=&#8220;&#8220; yahoo=&#8220;&#8220; yelp=&#8220;&#8220; youtube=&#8220;&#8220; email=&#8220;&#8220; show_custom=&#8220;no&#8220; hide_on_mobile=&#8220;small-visibility,medium-visibility,large-visibility&#8220; class=&#8220;&#8220; id=&#8220;&#8220;]Eugen Mayer ist Gr\u00fcnder, Gesellschafter und seit 2005 Vorstand der PPC. Davor leitete er schon von 2001 bis 2005 als \u201eVice President Project Management and Operations\u201c das Tagesgesch\u00e4ft des Unternehmens.<\/p>\n<p>Eugen Mayer studierte an der FH Konstanz Elektro- und Automatisierungstechnik und schloss seine Studien mit dem Grad als Dipl.-Ing. (FH) ab. An der Coventry University (UK) graduierte Herr Mayer mit einem Bachelor of Science (Honours).<\/p>\n<p>Nach Stationen bei der Marquard GmbH und der MVV Energie AG gr\u00fcndete Herr Mayer zusammen mit Ingo Sch\u00f6nberg die PPC als Tochter der MVV Energie AG. Nach einigen Jahren als angestellter Manager \u00fcbernahmen die Herren Sch\u00f6nberg und Mayer die PPC im Jahre 2008 im Rahmen eines Management Buyouts.<\/p>\n<p>Eugen Mayer h\u00e4lt mehrere Patente in den Bereichen Breitband Powerline und Smart Grid L\u00f6sungen und ist unter anderem Obmann der FNN Projektgruppe \u201eNutzung des Verteilnetzes zur Daten\u00fcbertragung\u201c.[\/fusion_person]<div class=\"fusion-clearfix\"><\/div><\/div><\/div><\/div><\/div><style type=\"text\/css\">.fusion-fullwidth.fusion-builder-row-1 a:not(.fusion-button):not(.fusion-builder-module-control):not(.fusion-social-network-icon):not(.fb-icon-element):not(.fusion-countdown-link):not(.fusion-rollover-link):not(.fusion-rollover-gallery):not(.fusion-button-bar):not(.add_to_cart_button):not(.show_details_button):not(.product_type_external):not(.fusion-quick-view):not(.fusion-rollover-title-link):not(.fusion-breadcrumb-link) , .fusion-fullwidth.fusion-builder-row-1 a:not(.fusion-button):not(.fusion-builder-module-control):not(.fusion-social-network-icon):not(.fb-icon-element):not(.fusion-countdown-link):not(.fusion-rollover-link):not(.fusion-rollover-gallery):not(.fusion-button-bar):not(.add_to_cart_button):not(.show_details_button):not(.product_type_external):not(.fusion-quick-view):not(.fusion-rollover-title-link):not(.fusion-breadcrumb-link):before, .fusion-fullwidth.fusion-builder-row-1 a:not(.fusion-button):not(.fusion-builder-module-control):not(.fusion-social-network-icon):not(.fb-icon-element):not(.fusion-countdown-link):not(.fusion-rollover-link):not(.fusion-rollover-gallery):not(.fusion-button-bar):not(.add_to_cart_button):not(.show_details_button):not(.product_type_external):not(.fusion-quick-view):not(.fusion-rollover-title-link):not(.fusion-breadcrumb-link):after {color: #0097d8;}.fusion-fullwidth.fusion-builder-row-1 a:not(.fusion-button):not(.fusion-builder-module-control):not(.fusion-social-network-icon):not(.fb-icon-element):not(.fusion-countdown-link):not(.fusion-rollover-link):not(.fusion-rollover-gallery):not(.fusion-button-bar):not(.add_to_cart_button):not(.show_details_button):not(.product_type_external):not(.fusion-quick-view):not(.fusion-rollover-title-link):not(.fusion-breadcrumb-link):hover, .fusion-fullwidth.fusion-builder-row-1 a:not(.fusion-button):not(.fusion-builder-module-control):not(.fusion-social-network-icon):not(.fb-icon-element):not(.fusion-countdown-link):not(.fusion-rollover-link):not(.fusion-rollover-gallery):not(.fusion-button-bar):not(.add_to_cart_button):not(.show_details_button):not(.product_type_external):not(.fusion-quick-view):not(.fusion-rollover-title-link):not(.fusion-breadcrumb-link):hover:before, .fusion-fullwidth.fusion-builder-row-1 a:not(.fusion-button):not(.fusion-builder-module-control):not(.fusion-social-network-icon):not(.fb-icon-element):not(.fusion-countdown-link):not(.fusion-rollover-link):not(.fusion-rollover-gallery):not(.fusion-button-bar):not(.add_to_cart_button):not(.show_details_button):not(.product_type_external):not(.fusion-quick-view):not(.fusion-rollover-title-link):not(.fusion-breadcrumb-link):hover:after {color: #0097d8;}.fusion-fullwidth.fusion-builder-row-1 .pagination a.inactive:hover, .fusion-fullwidth.fusion-builder-row-1 .fusion-filters .fusion-filter.fusion-active a {border-color: #0097d8;}.fusion-fullwidth.fusion-builder-row-1 .pagination .current {border-color: #0097d8; background-color: #0097d8;}.fusion-fullwidth.fusion-builder-row-1 .fusion-filters .fusion-filter.fusion-active a, .fusion-fullwidth.fusion-builder-row-1 .fusion-date-and-formats .fusion-format-box, .fusion-fullwidth.fusion-builder-row-1 .fusion-popover, .fusion-fullwidth.fusion-builder-row-1 .tooltip-shortcode {color: #0097d8;}#main .fusion-fullwidth.fusion-builder-row-1 .post .blog-shortcode-post-title a:hover {color: #0097d8;}<\/style><div class=\"fusion-fullwidth fullwidth-box fusion-builder-row-2 nonhundred-percent-fullwidth non-hundred-percent-height-scrolling\"  style='background-color: rgba(255,255,255,0);background-position: center center;background-repeat: no-repeat;padding-top:0px;padding-right:0px;padding-bottom:0px;padding-left:0px;margin-bottom: 50px;'><div class=\"fusion-builder-row fusion-row \"><div  class=\"fusion-layout-column fusion_builder_column fusion_builder_column_1_1 fusion-builder-column-3 fusion-one-full fusion-column-first fusion-column-last 1_1\"  style='margin-top:0px;margin-bottom:20px;'><div class=\"fusion-column-wrapper\" style=\"padding: 0px 0px 0px 0px;background-position:left top;background-repeat:no-repeat;-webkit-background-size:cover;-moz-background-size:cover;-o-background-size:cover;background-size:cover;\"   data-bg-url=\"\"><div class=\"fusion-clearfix\"><\/div><\/div><\/div><\/div><\/div><style type=\"text\/css\">.fusion-fullwidth.fusion-builder-row-2 a:not(.fusion-button):not(.fusion-builder-module-control):not(.fusion-social-network-icon):not(.fb-icon-element):not(.fusion-countdown-link):not(.fusion-rollover-link):not(.fusion-rollover-gallery):not(.fusion-button-bar):not(.add_to_cart_button):not(.show_details_button):not(.product_type_external):not(.fusion-quick-view):not(.fusion-rollover-title-link):not(.fusion-breadcrumb-link) , .fusion-fullwidth.fusion-builder-row-2 a:not(.fusion-button):not(.fusion-builder-module-control):not(.fusion-social-network-icon):not(.fb-icon-element):not(.fusion-countdown-link):not(.fusion-rollover-link):not(.fusion-rollover-gallery):not(.fusion-button-bar):not(.add_to_cart_button):not(.show_details_button):not(.product_type_external):not(.fusion-quick-view):not(.fusion-rollover-title-link):not(.fusion-breadcrumb-link):before, .fusion-fullwidth.fusion-builder-row-2 a:not(.fusion-button):not(.fusion-builder-module-control):not(.fusion-social-network-icon):not(.fb-icon-element):not(.fusion-countdown-link):not(.fusion-rollover-link):not(.fusion-rollover-gallery):not(.fusion-button-bar):not(.add_to_cart_button):not(.show_details_button):not(.product_type_external):not(.fusion-quick-view):not(.fusion-rollover-title-link):not(.fusion-breadcrumb-link):after {color: #0097d8;}.fusion-fullwidth.fusion-builder-row-2 a:not(.fusion-button):not(.fusion-builder-module-control):not(.fusion-social-network-icon):not(.fb-icon-element):not(.fusion-countdown-link):not(.fusion-rollover-link):not(.fusion-rollover-gallery):not(.fusion-button-bar):not(.add_to_cart_button):not(.show_details_button):not(.product_type_external):not(.fusion-quick-view):not(.fusion-rollover-title-link):not(.fusion-breadcrumb-link):hover, .fusion-fullwidth.fusion-builder-row-2 a:not(.fusion-button):not(.fusion-builder-module-control):not(.fusion-social-network-icon):not(.fb-icon-element):not(.fusion-countdown-link):not(.fusion-rollover-link):not(.fusion-rollover-gallery):not(.fusion-button-bar):not(.add_to_cart_button):not(.show_details_button):not(.product_type_external):not(.fusion-quick-view):not(.fusion-rollover-title-link):not(.fusion-breadcrumb-link):hover:before, .fusion-fullwidth.fusion-builder-row-2 a:not(.fusion-button):not(.fusion-builder-module-control):not(.fusion-social-network-icon):not(.fb-icon-element):not(.fusion-countdown-link):not(.fusion-rollover-link):not(.fusion-rollover-gallery):not(.fusion-button-bar):not(.add_to_cart_button):not(.show_details_button):not(.product_type_external):not(.fusion-quick-view):not(.fusion-rollover-title-link):not(.fusion-breadcrumb-link):hover:after {color: #0097d8;}.fusion-fullwidth.fusion-builder-row-2 .pagination a.inactive:hover, .fusion-fullwidth.fusion-builder-row-2 .fusion-filters .fusion-filter.fusion-active a {border-color: #0097d8;}.fusion-fullwidth.fusion-builder-row-2 .pagination .current {border-color: #0097d8; background-color: #0097d8;}.fusion-fullwidth.fusion-builder-row-2 .fusion-filters .fusion-filter.fusion-active a, .fusion-fullwidth.fusion-builder-row-2 .fusion-date-and-formats .fusion-format-box, .fusion-fullwidth.fusion-builder-row-2 .fusion-popover, .fusion-fullwidth.fusion-builder-row-2 .tooltip-shortcode {color: #0097d8;}#main .fusion-fullwidth.fusion-builder-row-2 .post .blog-shortcode-post-title a:hover {color: #0097d8;}<\/style><\/p>","protected":false},"excerpt":{"rendered":"","protected":false},"author":1,"featured_media":0,"parent":3982,"menu_order":0,"comment_status":"closed","ping_status":"closed","template":"100-width.php","meta":{"_EventAllDay":false,"_EventTimezone":"","_EventStartDate":"","_EventEndDate":"","_EventStartDateUTC":"","_EventEndDateUTC":"","_EventShowMap":false,"_EventShowMapLink":false,"_EventURL":"","_EventCost":"","_EventCostDescription":"","_EventCurrencySymbol":"","_EventCurrencyCode":"","_EventCurrencyPosition":"","_EventDateTimeSeparator":"","_EventTimeRangeSeparator":"","_EventOrganizerID":[],"_EventVenueID":0,"_OrganizerEmail":"","_OrganizerPhone":"","_OrganizerWebsite":"","_VenueAddress":"","_VenueCity":"","_VenueCountry":"","_VenueProvince":"","_VenueZip":"","_VenuePhone":"","_VenueURL":"","_VenueStateProvince":"","_VenueLat":"","_VenueLng":"","_links_to":"","_links_to_target":""},"yoast_head":"<!-- This site is optimized with the Yoast SEO plugin v19.11 - https:\/\/yoast.com\/wordpress\/plugins\/seo\/ -->\n<title>Vorstand - Power Plus Communications AG<\/title>\n<meta name=\"robots\" content=\"noindex, follow, max-snippet:-1, max-image-preview:large, max-video-preview:-1\" \/>\n<meta property=\"og:locale\" content=\"de_DE\" \/>\n<meta property=\"og:type\" content=\"article\" \/>\n<meta property=\"og:title\" content=\"[:de]Vorstand[:en]Leadership[:] - Power Plus Communications AG\" \/>\n<meta property=\"og:url\" content=\"https:\/\/ppc.d-f.cc\/de\/unternehmen\/vorstand\/\" \/>\n<meta property=\"og:site_name\" content=\"Power Plus Communications AG\" \/>\n<meta property=\"article:modified_time\" content=\"2020-10-05T14:14:32+00:00\" \/>\n<meta name=\"twitter:card\" content=\"summary_large_image\" \/>\n<meta name=\"twitter:label1\" content=\"Gesch\u00e4tzte Lesezeit\" \/>\n\t<meta name=\"twitter:data1\" content=\"17\u00a0Minuten\" \/>\n<script type=\"application\/ld+json\" class=\"yoast-schema-graph\">{\"@context\":\"https:\/\/schema.org\",\"@graph\":[{\"@type\":\"WebPage\",\"@id\":\"https:\/\/ppc.d-f.cc\/de\/unternehmen\/vorstand\/\",\"url\":\"https:\/\/ppc.d-f.cc\/de\/unternehmen\/vorstand\/\",\"name\":\"[:de]Vorstand[:en]Leadership[:] - Power Plus Communications AG\",\"isPartOf\":{\"@id\":\"https:\/\/ppc.d-f.cc\/de\/#website\"},\"datePublished\":\"2020-05-25T13:04:06+00:00\",\"dateModified\":\"2020-10-05T14:14:32+00:00\",\"breadcrumb\":{\"@id\":\"https:\/\/ppc.d-f.cc\/de\/unternehmen\/vorstand\/#breadcrumb\"},\"inLanguage\":\"de\",\"potentialAction\":[{\"@type\":\"ReadAction\",\"target\":[\"https:\/\/ppc.d-f.cc\/de\/unternehmen\/vorstand\/\"]}]},{\"@type\":\"BreadcrumbList\",\"@id\":\"https:\/\/ppc.d-f.cc\/de\/unternehmen\/vorstand\/#breadcrumb\",\"itemListElement\":[{\"@type\":\"ListItem\",\"position\":1,\"name\":\"Startseite\",\"item\":\"https:\/\/ppc.d-f.cc\/\"},{\"@type\":\"ListItem\",\"position\":2,\"name\":\"Unternehmen\",\"item\":\"https:\/\/ppc.d-f.cc\/de\/unternehmen\/\"},{\"@type\":\"ListItem\",\"position\":3,\"name\":\"Vorstand\"}]},{\"@type\":\"WebSite\",\"@id\":\"https:\/\/ppc.d-f.cc\/de\/#website\",\"url\":\"https:\/\/ppc.d-f.cc\/de\/\",\"name\":\"Power Plus Communications AG\",\"description\":\"Smart Meter Gateways und Kommunika\u00adtions\u00ad\u00adsysteme f\u00fcr die Digitali\u00adsierung der Energie\u00adwende\",\"potentialAction\":[{\"@type\":\"SearchAction\",\"target\":{\"@type\":\"EntryPoint\",\"urlTemplate\":\"https:\/\/ppc.d-f.cc\/de\/?s={search_term_string}\"},\"query-input\":\"required name=search_term_string\"}],\"inLanguage\":\"de\"}]}<\/script>\n<!-- \/ Yoast SEO plugin. -->","yoast_head_json":{"title":"[:de]Vorstand[:en]Leadership[:] - Power Plus Communications AG","robots":{"index":"noindex","follow":"follow","max-snippet":"max-snippet:-1","max-image-preview":"max-image-preview:large","max-video-preview":"max-video-preview:-1"},"og_locale":"de_DE","og_type":"article","og_title":"[:de]Vorstand[:en]Leadership[:] - Power Plus Communications AG","og_url":"https:\/\/ppc.d-f.cc\/de\/unternehmen\/vorstand\/","og_site_name":"Power Plus Communications AG","article_modified_time":"2020-10-05T14:14:32+00:00","twitter_card":"summary_large_image","twitter_misc":{"Gesch\u00e4tzte Lesezeit":"17\u00a0Minuten"},"schema":{"@context":"https:\/\/schema.org","@graph":[{"@type":"WebPage","@id":"https:\/\/ppc.d-f.cc\/de\/unternehmen\/vorstand\/","url":"https:\/\/ppc.d-f.cc\/de\/unternehmen\/vorstand\/","name":"[:de]Vorstand[:en]Leadership[:] - Power Plus Communications AG","isPartOf":{"@id":"https:\/\/ppc.d-f.cc\/de\/#website"},"datePublished":"2020-05-25T13:04:06+00:00","dateModified":"2020-10-05T14:14:32+00:00","breadcrumb":{"@id":"https:\/\/ppc.d-f.cc\/de\/unternehmen\/vorstand\/#breadcrumb"},"inLanguage":"de","potentialAction":[{"@type":"ReadAction","target":["https:\/\/ppc.d-f.cc\/de\/unternehmen\/vorstand\/"]}]},{"@type":"BreadcrumbList","@id":"https:\/\/ppc.d-f.cc\/de\/unternehmen\/vorstand\/#breadcrumb","itemListElement":[{"@type":"ListItem","position":1,"name":"Startseite","item":"https:\/\/ppc.d-f.cc\/"},{"@type":"ListItem","position":2,"name":"Unternehmen","item":"https:\/\/ppc.d-f.cc\/de\/unternehmen\/"},{"@type":"ListItem","position":3,"name":"Vorstand"}]},{"@type":"WebSite","@id":"https:\/\/ppc.d-f.cc\/de\/#website","url":"https:\/\/ppc.d-f.cc\/de\/","name":"Power Plus Communications AG","description":"Smart Meter Gateways und Kommunika\u00adtions\u00ad\u00adsysteme f\u00fcr die Digitali\u00adsierung der Energie\u00adwende","potentialAction":[{"@type":"SearchAction","target":{"@type":"EntryPoint","urlTemplate":"https:\/\/ppc.d-f.cc\/de\/?s={search_term_string}"},"query-input":"required name=search_term_string"}],"inLanguage":"de"}]}},"_links":{"self":[{"href":"https:\/\/ppc.d-f.cc\/de\/wp-json\/wp\/v2\/pages\/4106"}],"collection":[{"href":"https:\/\/ppc.d-f.cc\/de\/wp-json\/wp\/v2\/pages"}],"about":[{"href":"https:\/\/ppc.d-f.cc\/de\/wp-json\/wp\/v2\/types\/page"}],"author":[{"embeddable":true,"href":"https:\/\/ppc.d-f.cc\/de\/wp-json\/wp\/v2\/users\/1"}],"replies":[{"embeddable":true,"href":"https:\/\/ppc.d-f.cc\/de\/wp-json\/wp\/v2\/comments?post=4106"}],"version-history":[{"count":8,"href":"https:\/\/ppc.d-f.cc\/de\/wp-json\/wp\/v2\/pages\/4106\/revisions"}],"predecessor-version":[{"id":6840,"href":"https:\/\/ppc.d-f.cc\/de\/wp-json\/wp\/v2\/pages\/4106\/revisions\/6840"}],"up":[{"embeddable":true,"href":"https:\/\/ppc.d-f.cc\/de\/wp-json\/wp\/v2\/pages\/3982"}],"wp:attachment":[{"href":"https:\/\/ppc.d-f.cc\/de\/wp-json\/wp\/v2\/media?parent=4106"}],"curies":[{"name":"wp","href":"https:\/\/api.w.org\/{rel}","templated":true}]}}